{"id":10,"date":"2014-04-11T19:04:51","date_gmt":"2014-04-11T17:04:51","guid":{"rendered":"http:\/\/77610.w10.wedos.ws\/?page_id=10"},"modified":"2022-06-19T21:36:19","modified_gmt":"2022-06-19T19:36:19","slug":"profil","status":"publish","type":"page","link":"https:\/\/www.lcm.cz\/de\/","title":{"rendered":"Das Profil"},"content":{"rendered":"<p><\/p>\n<h2 style=\"line-height: normal;\"><span style=\"font-family: arial, helvetica, sans-serif; font-size: 18pt;\"><strong>Ludek Cermak<\/strong><\/span><\/h2>\n<p><img loading=\"lazy\" decoding=\"async\" class=\" wp-image-60 \" style=\"float: right; margin-left: 15px; margin-top: 20px;\" src=\"https:\/\/www.lcm.cz\/wp-content\/uploads\/ludek-cermak-2-213x300.jpg\" alt=\"Lud\u011bk \u010cerm\u00e1k LCM 2\" width=\"192\" height=\"270\" srcset=\"https:\/\/www.lcm.cz\/wp-content\/uploads\/ludek-cermak-2-213x300.jpg 213w, https:\/\/www.lcm.cz\/wp-content\/uploads\/ludek-cermak-2.jpg 343w\" sizes=\"auto, (max-width: 192px) 100vw, 192px\" \/><\/p>\n<p><strong>Kurzdarstellung:<\/strong><\/p>\n<p>Ich bin Berater und Interim Manager.<\/p>\n<p>Mein Leistungsportfolio beinhaltet nachfolgende Schwerpunkte:<\/p>\n<ul>\n<li>Interimistische \u00dcbernahme von COO\/CEO\/CFO Funktionen<\/li>\n<li>Corporate Performance Management<\/li>\n<li>Task Force Management in Lieferengpass Situationen<\/li>\n<li>Identifikation, Erstellung und operative Umsetzung von Restrukturierungs- und Transformationskonzepten<\/li>\n<li>Umsetzung von Produktivit\u00e4tssteigerung durch Implementierung von Lean Management und KVP Methodiken<\/li>\n<li>Umsetzung und F\u00fchrung von Change Management Prozessen<\/li>\n<li>Aufbau von transparenten Controlling und Finance Strukturen<\/li>\n<li>Ma\u00dfnahmenmanagement bei PLAN\/IST Abweichungen<\/li>\n<li>Betreuung und operative Unterst\u00fctzung bei M+A Projekten<\/li>\n<\/ul>\n<p>&nbsp;<\/p>\n<p>In der Vergangenheit habe ich im Bereich Investment Banking, Venture Kapital und Steuerberatung bei einer &#8222;BIG4 Gesellschaft&#8220; gearbeitet. Dar\u00fcber hinaus war ich als CFO und als Gesch\u00e4ftsf\u00fchrer in verschiedenen Gesellschaften t\u00e4tig. Ich habe Akquisitionen und Restrukturierungen durchgef\u00fchrt.<\/p>\n<p>Bei meinem Projekt war ich 17 Monate Deeskalationsmanagement bei OEM Kunde als \u201eTask force Manager\u201c und COO f\u00fcr einen internationalen Automobilzulieferer mit 1750 Mitarbeitern am Standort in Tschechien erfolgreich im Einsatz.<\/p>\n<p>Im Laufe meiner 25 j\u00e4hrigen Berufserfahrung konnte ich viele Erfahrungen in verschiedenen Branchen sammeln. Meine technische Ausbildung zum Ingenieur sowie meine Weiterbildung im Bereich Management und Finanzen erm\u00f6glichen mir einen interdisziplin\u00e4ren Zugang zu komplexen Aufgabenstellungen in meinen bisherigen Projekteins\u00e4tzen.<\/p>\n<p>Seit 2009 bin ich als selbst\u00e4ndiger Interim Manager aktiv und konnte schon eine Vielzahl von Projekteins\u00e4tzen erfolgreich abschlie\u00dfen.<\/p>\n<p><u>Ich investiere regelm\u00e4\u00dfig entsprechende Zeit in meine pers\u00f6nliche Weiterbildung.<\/u><\/p>\n<p>Im Jahr 2013 habe ich eine Ausbildung im Bereich \u201eLean Six Sigma- BLACK BELT\u201c erfolgreich abgeschlossen.<\/p>\n<p>Im Jahr 2016 habe ich eine zertifizierte Weiterbildung zum \u201eKrisenmediator\u201c f\u00fcr Konfliktsituationen in Unternehmen absolviert.\u00a0 Ich habe auch die entsprechende Beglaubigung der \u201eAssoziation der Mediatoren der Tschechischen Republik\u201c erhalten.<\/p>\n<p>Im Jahr 2018 habe ich mich zum \u201ezertifizierten Interim Executive\u201c an der EBS Business School in Oestrich-Winkel f\u00fcr 6 Monate weitergebildet. Meine Abschlussarbeit befasste sich mit dem Thema: \u201eOperatives Task Force Management anhand eines praktischen Beispiels\u201c<\/p>\n<p>Ich bin seit 2014 Mitglied der DDIM \u201eDachgesellschaft Deutsches Interim Management e.V.\u201c.<\/p>\n<p>Fremdsprachen: Englisch und Deutsch, und selbstverst\u00e4ndlich Tschechisch und Slowakisch.<\/p>\n<h3>Zitate<\/h3>\n<blockquote><p><strong>Der beste Weg zur Zukunftsvorhersage ist, die Zukunft zu gestallten.<\/strong> Peter F. Drucker, amerikanischer \u00d6konom und Managementfilosofe<\/p><\/blockquote>\n<p><\/p>","protected":false},"excerpt":{"rendered":"<p>Ludek Cermak Kurzdarstellung: Ich bin Berater und Interim Manager. Mein Leistungsportfolio beinhaltet nachfolgende Schwerpunkte: Interimistische \u00dcbernahme von COO\/CEO\/CFO Funktionen Corporate Performance Management Task Force Management in Lieferengpass Situationen Identifikation, Erstellung und operative Umsetzung von Restrukturierungs- und Transformationskonzepten Umsetzung von Produktivit\u00e4tssteigerung&hellip; <\/p>\n","protected":false},"author":1,"featured_media":60,"parent":0,"menu_order":0,"comment_status":"closed","ping_status":"closed","template":"","meta":{"footnotes":""},"class_list":["post-10","page","type-page","status-publish","has-post-thumbnail","hentry"],"yoast_head":"<!-- This site is optimized with the Yoast SEO plugin v27.5 - https:\/\/yoast.com\/product\/yoast-seo-wordpress\/ -->\n<title>Profil | LCM\u00a0Interim Management SE<\/title>\n<meta name=\"description\" content=\"Ing. Lud\u011bk \u010cerm\u00e1k MBA Lud\u011bk \u010cerm\u00e1k je konzultant a Interim Mana\u017eer specializuj\u00edc\u00ed se na oblast financ\u00ed, restrukturalizac\u00ed a \u0159\u00edzen\u00ed firem. V minulosti p\u016fso\" \/>\n<meta name=\"robots\" content=\"index, follow, max-snippet:-1, max-image-preview:large, max-video-preview:-1\" \/>\n<link rel=\"canonical\" href=\"https:\/\/www.lcm.cz\/\" \/>\n<meta property=\"og:locale\" content=\"de_DE\" \/>\n<meta property=\"og:type\" content=\"article\" \/>\n<meta property=\"og:title\" content=\"Profil | LCM\u00a0Interim Management SE\" \/>\n<meta property=\"og:description\" content=\"Ing. Lud\u011bk \u010cerm\u00e1k MBA Lud\u011bk \u010cerm\u00e1k je konzultant a Interim Mana\u017eer specializuj\u00edc\u00ed se na oblast financ\u00ed, restrukturalizac\u00ed a \u0159\u00edzen\u00ed firem. V minulosti p\u016fso\" \/>\n<meta property=\"og:url\" content=\"https:\/\/www.lcm.cz\/\" \/>\n<meta property=\"og:site_name\" content=\"LCM Interim Management\" \/>\n<meta property=\"article:modified_time\" content=\"2022-06-19T19:36:19+00:00\" \/>\n<meta property=\"og:image\" content=\"https:\/\/www.lcm.cz\/wp-content\/uploads\/ludek-cermak-2.jpg\" \/>\n\t<meta property=\"og:image:width\" content=\"343\" \/>\n\t<meta property=\"og:image:height\" content=\"482\" \/>\n\t<meta property=\"og:image:type\" content=\"image\/jpeg\" \/>\n<meta name=\"twitter:label1\" content=\"Gesch\u00e4tzte Lesezeit\" \/>\n\t<meta name=\"twitter:data1\" content=\"2\u00a0Minuten\" \/>\n<script type=\"application\/ld+json\" class=\"yoast-schema-graph\">{\"@context\":\"https:\\\/\\\/schema.org\",\"@graph\":[{\"@type\":\"WebPage\",\"@id\":\"https:\\\/\\\/www.lcm.cz\\\/\",\"url\":\"https:\\\/\\\/www.lcm.cz\\\/\",\"name\":\"Profil | LCM\u00a0Interim Management SE\",\"isPartOf\":{\"@id\":\"https:\\\/\\\/www.lcm.cz\\\/#website\"},\"primaryImageOfPage\":{\"@id\":\"https:\\\/\\\/www.lcm.cz\\\/#primaryimage\"},\"image\":{\"@id\":\"https:\\\/\\\/www.lcm.cz\\\/#primaryimage\"},\"thumbnailUrl\":\"https:\\\/\\\/www.lcm.cz\\\/wp-content\\\/uploads\\\/ludek-cermak-2.jpg\",\"datePublished\":\"2014-04-11T17:04:51+00:00\",\"dateModified\":\"2022-06-19T19:36:19+00:00\",\"description\":\"Ing. Lud\u011bk \u010cerm\u00e1k MBA Lud\u011bk \u010cerm\u00e1k je konzultant a Interim Mana\u017eer specializuj\u00edc\u00ed se na oblast financ\u00ed, restrukturalizac\u00ed a \u0159\u00edzen\u00ed firem. V minulosti p\u016fso\",\"breadcrumb\":{\"@id\":\"https:\\\/\\\/www.lcm.cz\\\/#breadcrumb\"},\"inLanguage\":\"de\",\"potentialAction\":[{\"@type\":\"ReadAction\",\"target\":[\"https:\\\/\\\/www.lcm.cz\\\/\"]}]},{\"@type\":\"ImageObject\",\"inLanguage\":\"de\",\"@id\":\"https:\\\/\\\/www.lcm.cz\\\/#primaryimage\",\"url\":\"https:\\\/\\\/www.lcm.cz\\\/wp-content\\\/uploads\\\/ludek-cermak-2.jpg\",\"contentUrl\":\"https:\\\/\\\/www.lcm.cz\\\/wp-content\\\/uploads\\\/ludek-cermak-2.jpg\",\"width\":343,\"height\":482,\"caption\":\"Lud\u011bk \u010cerm\u00e1k LCM 2\"},{\"@type\":\"BreadcrumbList\",\"@id\":\"https:\\\/\\\/www.lcm.cz\\\/#breadcrumb\",\"itemListElement\":[{\"@type\":\"ListItem\",\"position\":1,\"name\":\"Home\",\"item\":\"https:\\\/\\\/www.lcm.cz\\\/\"},{\"@type\":\"ListItem\",\"position\":2,\"name\":\"Profil\"}]},{\"@type\":\"WebSite\",\"@id\":\"https:\\\/\\\/www.lcm.cz\\\/#website\",\"url\":\"https:\\\/\\\/www.lcm.cz\\\/\",\"name\":\"LCM Interim Management\",\"description\":\"\",\"potentialAction\":[{\"@type\":\"SearchAction\",\"target\":{\"@type\":\"EntryPoint\",\"urlTemplate\":\"https:\\\/\\\/www.lcm.cz\\\/?s={search_term_string}\"},\"query-input\":{\"@type\":\"PropertyValueSpecification\",\"valueRequired\":true,\"valueName\":\"search_term_string\"}}],\"inLanguage\":\"de\"}]}<\/script>\n<!-- \/ Yoast SEO plugin. -->","yoast_head_json":{"title":"Profil | LCM\u00a0Interim Management SE","description":"Ing. Lud\u011bk \u010cerm\u00e1k MBA Lud\u011bk \u010cerm\u00e1k je konzultant a Interim Mana\u017eer specializuj\u00edc\u00ed se na oblast financ\u00ed, restrukturalizac\u00ed a \u0159\u00edzen\u00ed firem. V minulosti p\u016fso","robots":{"index":"index","follow":"follow","max-snippet":"max-snippet:-1","max-image-preview":"max-image-preview:large","max-video-preview":"max-video-preview:-1"},"canonical":"https:\/\/www.lcm.cz\/","og_locale":"de_DE","og_type":"article","og_title":"Profil | LCM\u00a0Interim Management SE","og_description":"Ing. Lud\u011bk \u010cerm\u00e1k MBA Lud\u011bk \u010cerm\u00e1k je konzultant a Interim Mana\u017eer specializuj\u00edc\u00ed se na oblast financ\u00ed, restrukturalizac\u00ed a \u0159\u00edzen\u00ed firem. V minulosti p\u016fso","og_url":"https:\/\/www.lcm.cz\/","og_site_name":"LCM Interim Management","article_modified_time":"2022-06-19T19:36:19+00:00","og_image":[{"width":343,"height":482,"url":"https:\/\/www.lcm.cz\/wp-content\/uploads\/ludek-cermak-2.jpg","type":"image\/jpeg"}],"twitter_misc":{"Gesch\u00e4tzte Lesezeit":"2\u00a0Minuten"},"schema":{"@context":"https:\/\/schema.org","@graph":[{"@type":"WebPage","@id":"https:\/\/www.lcm.cz\/","url":"https:\/\/www.lcm.cz\/","name":"Profil | LCM\u00a0Interim Management SE","isPartOf":{"@id":"https:\/\/www.lcm.cz\/#website"},"primaryImageOfPage":{"@id":"https:\/\/www.lcm.cz\/#primaryimage"},"image":{"@id":"https:\/\/www.lcm.cz\/#primaryimage"},"thumbnailUrl":"https:\/\/www.lcm.cz\/wp-content\/uploads\/ludek-cermak-2.jpg","datePublished":"2014-04-11T17:04:51+00:00","dateModified":"2022-06-19T19:36:19+00:00","description":"Ing. Lud\u011bk \u010cerm\u00e1k MBA Lud\u011bk \u010cerm\u00e1k je konzultant a Interim Mana\u017eer specializuj\u00edc\u00ed se na oblast financ\u00ed, restrukturalizac\u00ed a \u0159\u00edzen\u00ed firem. V minulosti p\u016fso","breadcrumb":{"@id":"https:\/\/www.lcm.cz\/#breadcrumb"},"inLanguage":"de","potentialAction":[{"@type":"ReadAction","target":["https:\/\/www.lcm.cz\/"]}]},{"@type":"ImageObject","inLanguage":"de","@id":"https:\/\/www.lcm.cz\/#primaryimage","url":"https:\/\/www.lcm.cz\/wp-content\/uploads\/ludek-cermak-2.jpg","contentUrl":"https:\/\/www.lcm.cz\/wp-content\/uploads\/ludek-cermak-2.jpg","width":343,"height":482,"caption":"Lud\u011bk \u010cerm\u00e1k LCM 2"},{"@type":"BreadcrumbList","@id":"https:\/\/www.lcm.cz\/#breadcrumb","itemListElement":[{"@type":"ListItem","position":1,"name":"Home","item":"https:\/\/www.lcm.cz\/"},{"@type":"ListItem","position":2,"name":"Profil"}]},{"@type":"WebSite","@id":"https:\/\/www.lcm.cz\/#website","url":"https:\/\/www.lcm.cz\/","name":"LCM Interim Management","description":"","potentialAction":[{"@type":"SearchAction","target":{"@type":"EntryPoint","urlTemplate":"https:\/\/www.lcm.cz\/?s={search_term_string}"},"query-input":{"@type":"PropertyValueSpecification","valueRequired":true,"valueName":"search_term_string"}}],"inLanguage":"de"}]}},"_links":{"self":[{"href":"https:\/\/www.lcm.cz\/de\/wp-json\/wp\/v2\/pages\/10","targetHints":{"allow":["GET"]}}],"collection":[{"href":"https:\/\/www.lcm.cz\/de\/wp-json\/wp\/v2\/pages"}],"about":[{"href":"https:\/\/www.lcm.cz\/de\/wp-json\/wp\/v2\/types\/page"}],"author":[{"embeddable":true,"href":"https:\/\/www.lcm.cz\/de\/wp-json\/wp\/v2\/users\/1"}],"replies":[{"embeddable":true,"href":"https:\/\/www.lcm.cz\/de\/wp-json\/wp\/v2\/comments?post=10"}],"version-history":[{"count":5,"href":"https:\/\/www.lcm.cz\/de\/wp-json\/wp\/v2\/pages\/10\/revisions"}],"predecessor-version":[{"id":1133,"href":"https:\/\/www.lcm.cz\/de\/wp-json\/wp\/v2\/pages\/10\/revisions\/1133"}],"wp:featuredmedia":[{"embeddable":true,"href":"https:\/\/www.lcm.cz\/de\/wp-json\/wp\/v2\/media\/60"}],"wp:attachment":[{"href":"https:\/\/www.lcm.cz\/de\/wp-json\/wp\/v2\/media?parent=10"}],"curies":[{"name":"wp","href":"https:\/\/api.w.org\/{rel}","templated":true}]}}