{"id":10,"date":"2014-04-11T19:04:51","date_gmt":"2014-04-11T17:04:51","guid":{"rendered":"http:\/\/77610.w10.wedos.ws\/?page_id=10"},"modified":"2022-06-19T21:36:19","modified_gmt":"2022-06-19T19:36:19","slug":"profil","status":"publish","type":"page","link":"https:\/\/www.lcm.cz\/en\/","title":{"rendered":"Profile"},"content":{"rendered":"<p><\/p>\n<h2 style=\"line-height: normal;\"><strong><span style=\"font-family: arial, helvetica, sans-serif; font-size: 18pt;\">Ludek Cermak<\/span><\/strong><\/h2>\n<p><a href=\"https:\/\/www.lcm.cz\/wp-content\/uploads\/ludek-cermak-2.jpg\"><img loading=\"lazy\" decoding=\"async\" class=\"alignright wp-image-60 size-medium\" src=\"https:\/\/www.lcm.cz\/wp-content\/uploads\/ludek-cermak-2-213x300.jpg\" alt=\"\" width=\"213\" height=\"300\" srcset=\"https:\/\/www.lcm.cz\/wp-content\/uploads\/ludek-cermak-2-213x300.jpg 213w, https:\/\/www.lcm.cz\/wp-content\/uploads\/ludek-cermak-2.jpg 343w\" sizes=\"auto, (max-width: 213px) 100vw, 213px\" \/><\/a><\/p>\n<p><strong>Short summary:<\/strong><\/p>\n<p>I am advisor and interim manager.<\/p>\n<p>My focus includes following field of activities:<\/p>\n<ul>\n<li>Interim management assignments as COO\/CEO\/CFO<\/li>\n<li>Corporate performance management<\/li>\n<li>Task force management in delivery bottleneck situations<\/li>\n<li>Identification, preparation and operational implementation of restructuring and transformation concepts<\/li>\n<li>Implementation of Lean Management<\/li>\n<li>Transformation of change management processes<\/li>\n<li>Establishment of transparent controlling and finance structures<\/li>\n<li>Management of measures in case of PLAN\/ACTUAL deviations<\/li>\n<li>Supervision and operational support for M+A projects in the Czech Republic<\/li>\n<\/ul>\n<p>&nbsp;<\/p>\n<p>In the past, I have worked in investment banking, venture capital and tax consulting for a &#8220;BIG4 company&#8221;. I have also been CFO and Managing Director in various companies. I have done acquisitions and restructurings.<\/p>\n<p>In my project I was successfully employed for 17 months in de-escalation process with OEM as \u201ctask force\u201d manager and COO for an international automotive supplier with 1.750 employees at a location in the Czech Republic.<\/p>\n<p>During my 25 years of professional experience, I have been able to gather a lot of experience in various industries. My technical education as an engineer as well as my further education in the field of management and finance allow me an interdisciplinary approach to complex tasks in my previous project assignments.<\/p>\n<p>I have been active as an independent interim manager since 2009 and have already successfully completed a large number of project assignments.<\/p>\n<p><u>I regularly invest appropriate time in my personal further training.<\/u><\/p>\n<p>In 2013 I successfully completed my training in the area of &#8220;Lean Six Sigma- BLACK BELT&#8221;.<\/p>\n<p>In 2016 I completed a certified further training as a &#8220;crisis mediator&#8221; for conflict situations in companies. I also obtained the corresponding credential from the &#8220;Association of Mediators of the Czech Republic&#8221;.<\/p>\n<p>In 2018 I continued my education to become a &#8220;Certified Interim Executive&#8221; at the EBS Business School, in Oestrich-Winkel, Germany, for 6 months. My final thesis dealt with the topic: &#8220;Operational Task Force Management based on a practical example&#8221;.<\/p>\n<p>Communication in English and German, and of course Czech and Slovak.<\/p>\n<h3>Quotes and Comments<\/h3>\n<p>&nbsp;<\/p>\n<blockquote><p><strong>The best way to predict your future is to create it.<\/strong> Peter F. Drucker, American economist and philosopher management<\/p><\/blockquote>\n<p>&nbsp;<\/p>","protected":false},"excerpt":{"rendered":"<p>Ludek Cermak Short summary: I am advisor and interim manager. My focus includes following field of activities: Interim management assignments as COO\/CEO\/CFO Corporate performance management Task force management in delivery bottleneck situations Identification, preparation and operational implementation of restructuring and&hellip; <\/p>\n","protected":false},"author":1,"featured_media":60,"parent":0,"menu_order":0,"comment_status":"closed","ping_status":"closed","template":"","meta":{"footnotes":""},"class_list":["post-10","page","type-page","status-publish","has-post-thumbnail","hentry"],"yoast_head":"<!-- This site is optimized with the Yoast SEO plugin v27.5 - https:\/\/yoast.com\/product\/yoast-seo-wordpress\/ -->\n<title>Profil | LCM\u00a0Interim Management SE<\/title>\n<meta name=\"description\" content=\"Ing. Lud\u011bk \u010cerm\u00e1k MBA Lud\u011bk \u010cerm\u00e1k je konzultant a Interim Mana\u017eer specializuj\u00edc\u00ed se na oblast financ\u00ed, restrukturalizac\u00ed a \u0159\u00edzen\u00ed firem. V minulosti p\u016fso\" \/>\n<meta name=\"robots\" content=\"index, follow, max-snippet:-1, max-image-preview:large, max-video-preview:-1\" \/>\n<link rel=\"canonical\" href=\"https:\/\/www.lcm.cz\/\" \/>\n<meta property=\"og:locale\" content=\"en_US\" \/>\n<meta property=\"og:type\" content=\"article\" \/>\n<meta property=\"og:title\" content=\"Profil | LCM\u00a0Interim Management SE\" \/>\n<meta property=\"og:description\" content=\"Ing. Lud\u011bk \u010cerm\u00e1k MBA Lud\u011bk \u010cerm\u00e1k je konzultant a Interim Mana\u017eer specializuj\u00edc\u00ed se na oblast financ\u00ed, restrukturalizac\u00ed a \u0159\u00edzen\u00ed firem. V minulosti p\u016fso\" \/>\n<meta property=\"og:url\" content=\"https:\/\/www.lcm.cz\/\" \/>\n<meta property=\"og:site_name\" content=\"LCM Interim Management\" \/>\n<meta property=\"article:modified_time\" content=\"2022-06-19T19:36:19+00:00\" \/>\n<meta property=\"og:image\" content=\"https:\/\/www.lcm.cz\/wp-content\/uploads\/ludek-cermak-2.jpg\" \/>\n\t<meta property=\"og:image:width\" content=\"343\" \/>\n\t<meta property=\"og:image:height\" content=\"482\" \/>\n\t<meta property=\"og:image:type\" content=\"image\/jpeg\" \/>\n<meta name=\"twitter:label1\" content=\"Est. reading time\" \/>\n\t<meta name=\"twitter:data1\" content=\"2 minutes\" \/>\n<script type=\"application\/ld+json\" class=\"yoast-schema-graph\">{\"@context\":\"https:\\\/\\\/schema.org\",\"@graph\":[{\"@type\":\"WebPage\",\"@id\":\"https:\\\/\\\/www.lcm.cz\\\/\",\"url\":\"https:\\\/\\\/www.lcm.cz\\\/\",\"name\":\"Profil | LCM\u00a0Interim Management SE\",\"isPartOf\":{\"@id\":\"https:\\\/\\\/www.lcm.cz\\\/#website\"},\"primaryImageOfPage\":{\"@id\":\"https:\\\/\\\/www.lcm.cz\\\/#primaryimage\"},\"image\":{\"@id\":\"https:\\\/\\\/www.lcm.cz\\\/#primaryimage\"},\"thumbnailUrl\":\"https:\\\/\\\/www.lcm.cz\\\/wp-content\\\/uploads\\\/ludek-cermak-2.jpg\",\"datePublished\":\"2014-04-11T17:04:51+00:00\",\"dateModified\":\"2022-06-19T19:36:19+00:00\",\"description\":\"Ing. Lud\u011bk \u010cerm\u00e1k MBA Lud\u011bk \u010cerm\u00e1k je konzultant a Interim Mana\u017eer specializuj\u00edc\u00ed se na oblast financ\u00ed, restrukturalizac\u00ed a \u0159\u00edzen\u00ed firem. V minulosti p\u016fso\",\"breadcrumb\":{\"@id\":\"https:\\\/\\\/www.lcm.cz\\\/#breadcrumb\"},\"inLanguage\":\"en-US\",\"potentialAction\":[{\"@type\":\"ReadAction\",\"target\":[\"https:\\\/\\\/www.lcm.cz\\\/\"]}]},{\"@type\":\"ImageObject\",\"inLanguage\":\"en-US\",\"@id\":\"https:\\\/\\\/www.lcm.cz\\\/#primaryimage\",\"url\":\"https:\\\/\\\/www.lcm.cz\\\/wp-content\\\/uploads\\\/ludek-cermak-2.jpg\",\"contentUrl\":\"https:\\\/\\\/www.lcm.cz\\\/wp-content\\\/uploads\\\/ludek-cermak-2.jpg\",\"width\":343,\"height\":482,\"caption\":\"Lud\u011bk \u010cerm\u00e1k LCM 2\"},{\"@type\":\"BreadcrumbList\",\"@id\":\"https:\\\/\\\/www.lcm.cz\\\/#breadcrumb\",\"itemListElement\":[{\"@type\":\"ListItem\",\"position\":1,\"name\":\"Home\",\"item\":\"https:\\\/\\\/www.lcm.cz\\\/\"},{\"@type\":\"ListItem\",\"position\":2,\"name\":\"Profil\"}]},{\"@type\":\"WebSite\",\"@id\":\"https:\\\/\\\/www.lcm.cz\\\/#website\",\"url\":\"https:\\\/\\\/www.lcm.cz\\\/\",\"name\":\"LCM Interim Management\",\"description\":\"\",\"potentialAction\":[{\"@type\":\"SearchAction\",\"target\":{\"@type\":\"EntryPoint\",\"urlTemplate\":\"https:\\\/\\\/www.lcm.cz\\\/?s={search_term_string}\"},\"query-input\":{\"@type\":\"PropertyValueSpecification\",\"valueRequired\":true,\"valueName\":\"search_term_string\"}}],\"inLanguage\":\"en-US\"}]}<\/script>\n<!-- \/ Yoast SEO plugin. -->","yoast_head_json":{"title":"Profil | LCM\u00a0Interim Management SE","description":"Ing. Lud\u011bk \u010cerm\u00e1k MBA Lud\u011bk \u010cerm\u00e1k je konzultant a Interim Mana\u017eer specializuj\u00edc\u00ed se na oblast financ\u00ed, restrukturalizac\u00ed a \u0159\u00edzen\u00ed firem. V minulosti p\u016fso","robots":{"index":"index","follow":"follow","max-snippet":"max-snippet:-1","max-image-preview":"max-image-preview:large","max-video-preview":"max-video-preview:-1"},"canonical":"https:\/\/www.lcm.cz\/","og_locale":"en_US","og_type":"article","og_title":"Profil | LCM\u00a0Interim Management SE","og_description":"Ing. Lud\u011bk \u010cerm\u00e1k MBA Lud\u011bk \u010cerm\u00e1k je konzultant a Interim Mana\u017eer specializuj\u00edc\u00ed se na oblast financ\u00ed, restrukturalizac\u00ed a \u0159\u00edzen\u00ed firem. V minulosti p\u016fso","og_url":"https:\/\/www.lcm.cz\/","og_site_name":"LCM Interim Management","article_modified_time":"2022-06-19T19:36:19+00:00","og_image":[{"width":343,"height":482,"url":"https:\/\/www.lcm.cz\/wp-content\/uploads\/ludek-cermak-2.jpg","type":"image\/jpeg"}],"twitter_misc":{"Est. reading time":"2 minutes"},"schema":{"@context":"https:\/\/schema.org","@graph":[{"@type":"WebPage","@id":"https:\/\/www.lcm.cz\/","url":"https:\/\/www.lcm.cz\/","name":"Profil | LCM\u00a0Interim Management SE","isPartOf":{"@id":"https:\/\/www.lcm.cz\/#website"},"primaryImageOfPage":{"@id":"https:\/\/www.lcm.cz\/#primaryimage"},"image":{"@id":"https:\/\/www.lcm.cz\/#primaryimage"},"thumbnailUrl":"https:\/\/www.lcm.cz\/wp-content\/uploads\/ludek-cermak-2.jpg","datePublished":"2014-04-11T17:04:51+00:00","dateModified":"2022-06-19T19:36:19+00:00","description":"Ing. Lud\u011bk \u010cerm\u00e1k MBA Lud\u011bk \u010cerm\u00e1k je konzultant a Interim Mana\u017eer specializuj\u00edc\u00ed se na oblast financ\u00ed, restrukturalizac\u00ed a \u0159\u00edzen\u00ed firem. V minulosti p\u016fso","breadcrumb":{"@id":"https:\/\/www.lcm.cz\/#breadcrumb"},"inLanguage":"en-US","potentialAction":[{"@type":"ReadAction","target":["https:\/\/www.lcm.cz\/"]}]},{"@type":"ImageObject","inLanguage":"en-US","@id":"https:\/\/www.lcm.cz\/#primaryimage","url":"https:\/\/www.lcm.cz\/wp-content\/uploads\/ludek-cermak-2.jpg","contentUrl":"https:\/\/www.lcm.cz\/wp-content\/uploads\/ludek-cermak-2.jpg","width":343,"height":482,"caption":"Lud\u011bk \u010cerm\u00e1k LCM 2"},{"@type":"BreadcrumbList","@id":"https:\/\/www.lcm.cz\/#breadcrumb","itemListElement":[{"@type":"ListItem","position":1,"name":"Home","item":"https:\/\/www.lcm.cz\/"},{"@type":"ListItem","position":2,"name":"Profil"}]},{"@type":"WebSite","@id":"https:\/\/www.lcm.cz\/#website","url":"https:\/\/www.lcm.cz\/","name":"LCM Interim Management","description":"","potentialAction":[{"@type":"SearchAction","target":{"@type":"EntryPoint","urlTemplate":"https:\/\/www.lcm.cz\/?s={search_term_string}"},"query-input":{"@type":"PropertyValueSpecification","valueRequired":true,"valueName":"search_term_string"}}],"inLanguage":"en-US"}]}},"_links":{"self":[{"href":"https:\/\/www.lcm.cz\/en\/wp-json\/wp\/v2\/pages\/10","targetHints":{"allow":["GET"]}}],"collection":[{"href":"https:\/\/www.lcm.cz\/en\/wp-json\/wp\/v2\/pages"}],"about":[{"href":"https:\/\/www.lcm.cz\/en\/wp-json\/wp\/v2\/types\/page"}],"author":[{"embeddable":true,"href":"https:\/\/www.lcm.cz\/en\/wp-json\/wp\/v2\/users\/1"}],"replies":[{"embeddable":true,"href":"https:\/\/www.lcm.cz\/en\/wp-json\/wp\/v2\/comments?post=10"}],"version-history":[{"count":5,"href":"https:\/\/www.lcm.cz\/en\/wp-json\/wp\/v2\/pages\/10\/revisions"}],"predecessor-version":[{"id":1133,"href":"https:\/\/www.lcm.cz\/en\/wp-json\/wp\/v2\/pages\/10\/revisions\/1133"}],"wp:featuredmedia":[{"embeddable":true,"href":"https:\/\/www.lcm.cz\/en\/wp-json\/wp\/v2\/media\/60"}],"wp:attachment":[{"href":"https:\/\/www.lcm.cz\/en\/wp-json\/wp\/v2\/media?parent=10"}],"curies":[{"name":"wp","href":"https:\/\/api.w.org\/{rel}","templated":true}]}}