{"id":110,"date":"2014-04-12T16:07:33","date_gmt":"2014-04-12T14:07:33","guid":{"rendered":"http:\/\/77610.w10.wedos.ws\/?page_id=110"},"modified":"2018-05-09T17:13:41","modified_gmt":"2018-05-09T15:13:41","slug":"kontakt","status":"publish","type":"page","link":"https:\/\/www.lcm.cz\/en\/kontakt\/","title":{"rendered":"Contact"},"content":{"rendered":"<p><strong>Ludek Cermak<a href=\"https:\/\/www.lcm.cz\/wp-content\/uploads\/ludek-cermak-4.jpg\"><img loading=\"lazy\" decoding=\"async\" class=\"alignnone wp-image-183\" style=\"float: right; margin-left: 15px;\" src=\"https:\/\/www.lcm.cz\/wp-content\/uploads\/ludek-cermak-4-300x213.jpg\" alt=\"Lud\u011bk \u010cerm\u00e1k LCM 4\" width=\"270\" height=\"192\" srcset=\"https:\/\/www.lcm.cz\/wp-content\/uploads\/ludek-cermak-4-300x213.jpg 300w, https:\/\/www.lcm.cz\/wp-content\/uploads\/ludek-cermak-4.jpg 526w\" sizes=\"auto, (max-width: 270px) 100vw, 270px\" \/><\/a><\/strong><br \/>\n<span style=\"font-size: normal;\">Executive<\/span><\/p>\n<p style=\"margin-left: 20px;\"><a href=\"mailto:cermak@lcm.cz\">cermak@lcm.cz<\/a><br \/>\n+420 603 713 429<br \/>\n<a href=\"http:\/\/www.lcm.cz\/\">http:\/\/www.lcm.cz<\/a><\/p>\n<p style=\"margin-left: 20px;\">LCM\u00a0Interim Management SE<br \/>\nZd\u00edkovsk\u00e1 2970\/4<br \/>\n150 00 Praha 5<\/p>\n<p>\u00a0 \n<div class=\"wpcf7 no-js\" id=\"wpcf7-f153-o3\" lang=\"cs-CZ\" dir=\"ltr\" data-wpcf7-id=\"153\">\n<div class=\"screen-reader-response\"><p role=\"status\" aria-live=\"polite\" aria-atomic=\"true\"><\/p> <ul><\/ul><\/div>\n<form action=\"\/en\/wp-json\/wp\/v2\/pages\/110#wpcf7-f153-o3\" method=\"post\" class=\"wpcf7-form init\" aria-label=\"Kontaktn\u00ed formul\u00e1\u0159\" novalidate=\"novalidate\" data-status=\"init\">\n<fieldset class=\"hidden-fields-container\"><input type=\"hidden\" name=\"_wpcf7\" value=\"153\" \/><input type=\"hidden\" name=\"_wpcf7_version\" value=\"6.1.5\" \/><input type=\"hidden\" name=\"_wpcf7_locale\" value=\"cs_CZ\" \/><input type=\"hidden\" name=\"_wpcf7_unit_tag\" value=\"wpcf7-f153-o3\" \/><input type=\"hidden\" name=\"_wpcf7_container_post\" value=\"0\" \/><input type=\"hidden\" name=\"_wpcf7_posted_data_hash\" value=\"\" \/><input type=\"hidden\" name=\"_wpcf7_recaptcha_response\" value=\"\" \/>\n<\/fieldset>\n<p>Your Name (required)\n<\/p>\n<p><span class=\"wpcf7-form-control-wrap\" data-name=\"your-name\"><input size=\"40\" maxlength=\"400\" class=\"wpcf7-form-control wpcf7-text wpcf7-validates-as-required\" aria-required=\"true\" aria-invalid=\"false\" value=\"\" type=\"text\" name=\"your-name\" \/><\/span>\n<\/p>\n<p>Your Email (required)\n<\/p>\n<p><span class=\"wpcf7-form-control-wrap\" data-name=\"your-email\"><input size=\"40\" maxlength=\"400\" class=\"wpcf7-form-control wpcf7-email wpcf7-validates-as-required wpcf7-text wpcf7-validates-as-email\" aria-required=\"true\" aria-invalid=\"false\" value=\"\" type=\"email\" name=\"your-email\" \/><\/span>\n<\/p>\n<p>Subject\n<\/p>\n<p><span class=\"wpcf7-form-control-wrap\" data-name=\"your-subject\"><input size=\"40\" maxlength=\"400\" class=\"wpcf7-form-control wpcf7-text\" aria-invalid=\"false\" value=\"\" type=\"text\" name=\"your-subject\" \/><\/span>\n<\/p>\n<p>Your Message (required)\n<\/p>\n<p><span class=\"wpcf7-form-control-wrap\" data-name=\"your-message\"><textarea cols=\"40\" rows=\"10\" maxlength=\"2000\" class=\"wpcf7-form-control wpcf7-textarea wpcf7-validates-as-required\" aria-required=\"true\" aria-invalid=\"false\" name=\"your-message\"><\/textarea><\/span>\n<\/p>\n<p>Verification:\n<\/p>\n\n<p><input class=\"wpcf7-form-control wpcf7-submit has-spinner\" type=\"submit\" value=\"Send\" \/>\n<\/p><p style=\"display: none !important;\" class=\"akismet-fields-container\" data-prefix=\"_wpcf7_ak_\"><label>&#916;<textarea name=\"_wpcf7_ak_hp_textarea\" cols=\"45\" rows=\"8\" maxlength=\"100\"><\/textarea><\/label><input type=\"hidden\" id=\"ak_js_3\" name=\"_wpcf7_ak_js\" value=\"141\"\/><script>document.getElementById( \"ak_js_3\" ).setAttribute( \"value\", ( new Date() ).getTime() );<\/script><\/p><div class=\"wpcf7-response-output\" aria-hidden=\"true\"><\/div>\n<\/form>\n<\/div>\n<\/p>","protected":false},"excerpt":{"rendered":"<p>Ludek Cermak Executive cermak@lcm.cz +420 603 713 429 http:\/\/www.lcm.cz LCM\u00a0Interim Management SE Zd\u00edkovsk\u00e1 2970\/4 150 00 Praha 5 \u00a0<\/p>\n","protected":false},"author":1,"featured_media":0,"parent":0,"menu_order":0,"comment_status":"closed","ping_status":"closed","template":"","meta":{"footnotes":""},"class_list":["post-110","page","type-page","status-publish","hentry"],"yoast_head":"<!-- This site is optimized with the Yoast SEO plugin v27.4 - https:\/\/yoast.com\/product\/yoast-seo-wordpress\/ -->\n<title>Kontakt | LCM\u00a0Interim Management SE<\/title>\n<meta name=\"description\" content=\"ng. Lud\u011bk \u010cerm\u00e1k MBAjednatel cermak@lcm.cz+420 603 713 429http:\/\/www.lcm.cz LCM Consulting s.r.o.Petrsk\u00e1 1168\/29110 00 Praha 1\" \/>\n<meta name=\"robots\" content=\"index, follow, max-snippet:-1, max-image-preview:large, max-video-preview:-1\" \/>\n<link rel=\"canonical\" href=\"https:\/\/www.lcm.cz\/de\/kontakt\/\" \/>\n<meta property=\"og:locale\" content=\"en_US\" \/>\n<meta property=\"og:type\" content=\"article\" \/>\n<meta property=\"og:title\" content=\"Kontakt | LCM\u00a0Interim Management SE\" \/>\n<meta property=\"og:description\" content=\"ng. Lud\u011bk \u010cerm\u00e1k MBAjednatel cermak@lcm.cz+420 603 713 429http:\/\/www.lcm.cz LCM Consulting s.r.o.Petrsk\u00e1 1168\/29110 00 Praha 1\" \/>\n<meta property=\"og:url\" content=\"https:\/\/www.lcm.cz\/de\/kontakt\/\" \/>\n<meta property=\"og:site_name\" content=\"LCM Interim Management\" \/>\n<meta property=\"article:modified_time\" content=\"2018-05-09T15:13:41+00:00\" \/>\n<meta property=\"og:image\" content=\"https:\/\/www.lcm.cz\/wp-content\/uploads\/ludek-cermak-4-300x213.jpg\" \/>\n<script type=\"application\/ld+json\" class=\"yoast-schema-graph\">{\"@context\":\"https:\\\/\\\/schema.org\",\"@graph\":[{\"@type\":\"WebPage\",\"@id\":\"https:\\\/\\\/www.lcm.cz\\\/de\\\/kontakt\\\/\",\"url\":\"https:\\\/\\\/www.lcm.cz\\\/de\\\/kontakt\\\/\",\"name\":\"Kontakt | LCM\u00a0Interim Management SE\",\"isPartOf\":{\"@id\":\"https:\\\/\\\/www.lcm.cz\\\/#website\"},\"primaryImageOfPage\":{\"@id\":\"https:\\\/\\\/www.lcm.cz\\\/de\\\/kontakt\\\/#primaryimage\"},\"image\":{\"@id\":\"https:\\\/\\\/www.lcm.cz\\\/de\\\/kontakt\\\/#primaryimage\"},\"thumbnailUrl\":\"https:\\\/\\\/www.lcm.cz\\\/wp-content\\\/uploads\\\/ludek-cermak-4-300x213.jpg\",\"datePublished\":\"2014-04-12T14:07:33+00:00\",\"dateModified\":\"2018-05-09T15:13:41+00:00\",\"description\":\"ng. Lud\u011bk \u010cerm\u00e1k MBAjednatel cermak@lcm.cz+420 603 713 429http:\\\/\\\/www.lcm.cz LCM Consulting s.r.o.Petrsk\u00e1 1168\\\/29110 00 Praha 1\",\"breadcrumb\":{\"@id\":\"https:\\\/\\\/www.lcm.cz\\\/de\\\/kontakt\\\/#breadcrumb\"},\"inLanguage\":\"en-US\",\"potentialAction\":[{\"@type\":\"ReadAction\",\"target\":[\"https:\\\/\\\/www.lcm.cz\\\/de\\\/kontakt\\\/\"]}]},{\"@type\":\"ImageObject\",\"inLanguage\":\"en-US\",\"@id\":\"https:\\\/\\\/www.lcm.cz\\\/de\\\/kontakt\\\/#primaryimage\",\"url\":\"https:\\\/\\\/www.lcm.cz\\\/wp-content\\\/uploads\\\/ludek-cermak-4-300x213.jpg\",\"contentUrl\":\"https:\\\/\\\/www.lcm.cz\\\/wp-content\\\/uploads\\\/ludek-cermak-4-300x213.jpg\"},{\"@type\":\"BreadcrumbList\",\"@id\":\"https:\\\/\\\/www.lcm.cz\\\/de\\\/kontakt\\\/#breadcrumb\",\"itemListElement\":[{\"@type\":\"ListItem\",\"position\":1,\"name\":\"Home\",\"item\":\"https:\\\/\\\/www.lcm.cz\\\/\"},{\"@type\":\"ListItem\",\"position\":2,\"name\":\"Kontakt\"}]},{\"@type\":\"WebSite\",\"@id\":\"https:\\\/\\\/www.lcm.cz\\\/#website\",\"url\":\"https:\\\/\\\/www.lcm.cz\\\/\",\"name\":\"LCM Interim Management\",\"description\":\"\",\"potentialAction\":[{\"@type\":\"SearchAction\",\"target\":{\"@type\":\"EntryPoint\",\"urlTemplate\":\"https:\\\/\\\/www.lcm.cz\\\/?s={search_term_string}\"},\"query-input\":{\"@type\":\"PropertyValueSpecification\",\"valueRequired\":true,\"valueName\":\"search_term_string\"}}],\"inLanguage\":\"en-US\"}]}<\/script>\n<!-- \/ Yoast SEO plugin. -->","yoast_head_json":{"title":"Kontakt | LCM\u00a0Interim Management SE","description":"ng. Lud\u011bk \u010cerm\u00e1k MBAjednatel cermak@lcm.cz+420 603 713 429http:\/\/www.lcm.cz LCM Consulting s.r.o.Petrsk\u00e1 1168\/29110 00 Praha 1","robots":{"index":"index","follow":"follow","max-snippet":"max-snippet:-1","max-image-preview":"max-image-preview:large","max-video-preview":"max-video-preview:-1"},"canonical":"https:\/\/www.lcm.cz\/de\/kontakt\/","og_locale":"en_US","og_type":"article","og_title":"Kontakt | LCM\u00a0Interim Management SE","og_description":"ng. Lud\u011bk \u010cerm\u00e1k MBAjednatel cermak@lcm.cz+420 603 713 429http:\/\/www.lcm.cz LCM Consulting s.r.o.Petrsk\u00e1 1168\/29110 00 Praha 1","og_url":"https:\/\/www.lcm.cz\/de\/kontakt\/","og_site_name":"LCM Interim Management","article_modified_time":"2018-05-09T15:13:41+00:00","og_image":[{"url":"https:\/\/www.lcm.cz\/wp-content\/uploads\/ludek-cermak-4-300x213.jpg","type":"","width":"","height":""}],"schema":{"@context":"https:\/\/schema.org","@graph":[{"@type":"WebPage","@id":"https:\/\/www.lcm.cz\/de\/kontakt\/","url":"https:\/\/www.lcm.cz\/de\/kontakt\/","name":"Kontakt | LCM\u00a0Interim Management SE","isPartOf":{"@id":"https:\/\/www.lcm.cz\/#website"},"primaryImageOfPage":{"@id":"https:\/\/www.lcm.cz\/de\/kontakt\/#primaryimage"},"image":{"@id":"https:\/\/www.lcm.cz\/de\/kontakt\/#primaryimage"},"thumbnailUrl":"https:\/\/www.lcm.cz\/wp-content\/uploads\/ludek-cermak-4-300x213.jpg","datePublished":"2014-04-12T14:07:33+00:00","dateModified":"2018-05-09T15:13:41+00:00","description":"ng. Lud\u011bk \u010cerm\u00e1k MBAjednatel cermak@lcm.cz+420 603 713 429http:\/\/www.lcm.cz LCM Consulting s.r.o.Petrsk\u00e1 1168\/29110 00 Praha 1","breadcrumb":{"@id":"https:\/\/www.lcm.cz\/de\/kontakt\/#breadcrumb"},"inLanguage":"en-US","potentialAction":[{"@type":"ReadAction","target":["https:\/\/www.lcm.cz\/de\/kontakt\/"]}]},{"@type":"ImageObject","inLanguage":"en-US","@id":"https:\/\/www.lcm.cz\/de\/kontakt\/#primaryimage","url":"https:\/\/www.lcm.cz\/wp-content\/uploads\/ludek-cermak-4-300x213.jpg","contentUrl":"https:\/\/www.lcm.cz\/wp-content\/uploads\/ludek-cermak-4-300x213.jpg"},{"@type":"BreadcrumbList","@id":"https:\/\/www.lcm.cz\/de\/kontakt\/#breadcrumb","itemListElement":[{"@type":"ListItem","position":1,"name":"Home","item":"https:\/\/www.lcm.cz\/"},{"@type":"ListItem","position":2,"name":"Kontakt"}]},{"@type":"WebSite","@id":"https:\/\/www.lcm.cz\/#website","url":"https:\/\/www.lcm.cz\/","name":"LCM Interim Management","description":"","potentialAction":[{"@type":"SearchAction","target":{"@type":"EntryPoint","urlTemplate":"https:\/\/www.lcm.cz\/?s={search_term_string}"},"query-input":{"@type":"PropertyValueSpecification","valueRequired":true,"valueName":"search_term_string"}}],"inLanguage":"en-US"}]}},"_links":{"self":[{"href":"https:\/\/www.lcm.cz\/en\/wp-json\/wp\/v2\/pages\/110","targetHints":{"allow":["GET"]}}],"collection":[{"href":"https:\/\/www.lcm.cz\/en\/wp-json\/wp\/v2\/pages"}],"about":[{"href":"https:\/\/www.lcm.cz\/en\/wp-json\/wp\/v2\/types\/page"}],"author":[{"embeddable":true,"href":"https:\/\/www.lcm.cz\/en\/wp-json\/wp\/v2\/users\/1"}],"replies":[{"embeddable":true,"href":"https:\/\/www.lcm.cz\/en\/wp-json\/wp\/v2\/comments?post=110"}],"version-history":[{"count":5,"href":"https:\/\/www.lcm.cz\/en\/wp-json\/wp\/v2\/pages\/110\/revisions"}],"predecessor-version":[{"id":343,"href":"https:\/\/www.lcm.cz\/en\/wp-json\/wp\/v2\/pages\/110\/revisions\/343"}],"wp:attachment":[{"href":"https:\/\/www.lcm.cz\/en\/wp-json\/wp\/v2\/media?parent=110"}],"curies":[{"name":"wp","href":"https:\/\/api.w.org\/{rel}","templated":true}]}}